{"id":403,"date":"2025-07-28T13:48:19","date_gmt":"2025-07-28T13:48:19","guid":{"rendered":"https:\/\/librerialabrujita.com.py\/?page_id=403"},"modified":"2025-07-28T17:35:41","modified_gmt":"2025-07-28T17:35:41","slug":"quienes-somos","status":"publish","type":"page","link":"https:\/\/librerialabrujita.com.py\/index.php\/quienes-somos\/","title":{"rendered":"Qui\u00e9nes Somos"},"content":{"rendered":"\n<div class=\"wp-block-group has-light-background-color has-background is-layout-constrained wp-container-core-group-is-layout-1b66cfbd wp-block-group-is-layout-constrained\" style=\"margin-top:0;margin-bottom:0;padding-top:40px;padding-right:var(--wp--preset--spacing--40);padding-bottom:40px;padding-left:var(--wp--preset--spacing--40)\">\n<div class=\"wp-block-group is-layout-constrained wp-container-core-group-is-layout-cf0b59f2 wp-block-group-is-layout-constrained\" style=\"margin-top:45px\">\n<div class=\"wp-block-query is-layout-flow wp-block-query-is-layout-flow\"><ul class=\"columns-1 wp-block-post-template is-layout-grid wp-container-core-post-template-is-layout-8d8ed209 wp-block-post-template-is-layout-grid\"><li class=\"wp-block-post post-640 post type-post status-publish format-standard has-post-thumbnail hentry category-eventos-deportivos\">\n\n<div class=\"wp-block-columns is-style-grocefycart-boxshadow-light has-background-background-color has-background is-layout-flex wp-container-core-columns-is-layout-5c9305b9 wp-block-columns-is-layout-flex\" style=\"margin-top:0;margin-bottom:0;padding-top:20px;padding-right:20px;padding-bottom:20px;padding-left:20px\">\n<div class=\"wp-block-column is-vertically-aligned-center is-layout-flow wp-block-column-is-layout-flow\" style=\"flex-basis:40%\"><figure style=\"width:100%;height:280px;\" class=\"aligncenter is-style-grocefycart-hover-zoom-in wp-block-post-featured-image\"><a href=\"https:\/\/librerialabrujita.com.py\/index.php\/2025\/08\/08\/convocatoria-handball\/\" target=\"_self\"  style=\"height:280px\"><img fetchpriority=\"high\" decoding=\"async\" width=\"1200\" height=\"1200\" src=\"https:\/\/librerialabrujita.com.py\/wp-content\/uploads\/2025\/08\/plantilla_2.jpg\" class=\"attachment-post-thumbnail size-post-thumbnail wp-post-image\" alt=\"Convocatoria Handball\" style=\"height:280px;object-fit:cover;\" srcset=\"https:\/\/librerialabrujita.com.py\/wp-content\/uploads\/2025\/08\/plantilla_2.jpg 1200w, https:\/\/librerialabrujita.com.py\/wp-content\/uploads\/2025\/08\/plantilla_2-300x300.jpg 300w, https:\/\/librerialabrujita.com.py\/wp-content\/uploads\/2025\/08\/plantilla_2-1024x1024.jpg 1024w, https:\/\/librerialabrujita.com.py\/wp-content\/uploads\/2025\/08\/plantilla_2-150x150.jpg 150w, https:\/\/librerialabrujita.com.py\/wp-content\/uploads\/2025\/08\/plantilla_2-768x768.jpg 768w\" sizes=\"(max-width: 1200px) 100vw, 1200px\" \/><\/a><\/figure><\/div>\n\n\n\n<div class=\"wp-block-column is-vertically-aligned-center is-layout-flow wp-block-column-is-layout-flow\">\n<div class=\"wp-block-group is-content-justification-left is-layout-constrained wp-container-core-group-is-layout-6bc11267 wp-block-group-is-layout-constrained\">\n<div class=\"wp-block-group is-layout-constrained wp-block-group-is-layout-constrained\">\n<h2 class=\"wp-block-heading\">Librer\u00eda La Brujita<\/h2>\n\n\n\n<p>Somos un rinc\u00f3n especial donde conviven los libros, los hilos y la creatividad. Desde nuestros inicios de m\u00e1s de 10 a\u00f1os en el Rubro, nos hemos dedicado a ofrecer productos de calidad que inspiran, entretienen y acompa\u00f1an a nuestros clientes en sus proyectos literarios, manualidades y momentos de relax.<\/p>\n\n\n\n<p>Nuestra misi\u00f3n es ser m\u00e1s que una tienda: queremos ser tu aliado en la b\u00fasqueda de inspiraci\u00f3n, conocimiento y creatividad. \u00a1Gracias por ser parte de nuestra historia!<\/p>\n<\/div>\n<\/div>\n<\/div>\n<\/div>\n\n\n\n<div class=\"wp-block-columns is-style-grocefycart-boxshadow-light has-background-background-color has-background is-layout-flex wp-container-core-columns-is-layout-5c9305b9 wp-block-columns-is-layout-flex\" style=\"margin-top:0;margin-bottom:0;padding-top:20px;padding-right:20px;padding-bottom:20px;padding-left:20px\">\n<div class=\"wp-block-column is-vertically-aligned-center is-layout-flow wp-block-column-is-layout-flow\"><\/div>\n<\/div>\n\n\n\n<div class=\"wp-block-columns is-layout-flex wp-container-core-columns-is-layout-28f84493 wp-block-columns-is-layout-flex\">\n<div class=\"wp-block-column is-layout-flow wp-block-column-is-layout-flow\">\n<div class=\"wp-block-media-text is-stacked-on-mobile\" style=\"grid-template-columns:15% auto\"><figure class=\"wp-block-media-text__media\"><img decoding=\"async\" width=\"500\" height=\"500\" src=\"https:\/\/librerialabrujita.com.py\/wp-content\/uploads\/2025\/07\/intsa2.png\" alt=\"\" class=\"wp-image-409 size-full\" srcset=\"https:\/\/librerialabrujita.com.py\/wp-content\/uploads\/2025\/07\/intsa2.png 500w, https:\/\/librerialabrujita.com.py\/wp-content\/uploads\/2025\/07\/intsa2-300x300.png 300w, https:\/\/librerialabrujita.com.py\/wp-content\/uploads\/2025\/07\/intsa2-150x150.png 150w\" sizes=\"(max-width: 500px) 100vw, 500px\" \/><\/figure><div class=\"wp-block-media-text__content\">\n<p class=\"has-large-font-size\"><strong>S\u00edguenos en<\/strong>:<\/p>\n\n\n\n<p class=\"has-big-font-size\"> <a href=\"https:\/\/www.instagram.com\/labrujita0415\/\">@labrujita0415<\/a><\/p>\n<\/div><\/div>\n\n\n\n<div class=\"wp-block-media-text is-stacked-on-mobile\" style=\"grid-template-columns:19% auto\"><figure class=\"wp-block-media-text__media\"><img decoding=\"async\" width=\"1022\" height=\"1024\" src=\"https:\/\/librerialabrujita.com.py\/wp-content\/uploads\/2025\/07\/WhatsApp.png\" alt=\"\" class=\"wp-image-415 size-full\" srcset=\"https:\/\/librerialabrujita.com.py\/wp-content\/uploads\/2025\/07\/WhatsApp.png 1022w, https:\/\/librerialabrujita.com.py\/wp-content\/uploads\/2025\/07\/WhatsApp-300x300.png 300w, https:\/\/librerialabrujita.com.py\/wp-content\/uploads\/2025\/07\/WhatsApp-150x150.png 150w, https:\/\/librerialabrujita.com.py\/wp-content\/uploads\/2025\/07\/WhatsApp-768x770.png 768w\" sizes=\"(max-width: 1022px) 100vw, 1022px\" \/><\/figure><div class=\"wp-block-media-text__content\">\n<p class=\"has-large-font-size\"><strong>Chatea con Nosotros<\/strong>:<\/p>\n\n\n\n<p class=\"has-big-font-size\"> <a href=\"https:\/\/api.whatsapp.com\/send\/?phone=%2B595982423307&amp;text=%C2%A1Hola%21+Quiero+m%C3%A1s+informaci%C3%B3n.&amp;type=phone_number&amp;app_absent=0\">0982 423 307<\/a><\/p>\n<\/div><\/div>\n\n\n\n<div class=\"wp-block-media-text is-stacked-on-mobile\" style=\"grid-template-columns:22% auto\"><figure class=\"wp-block-media-text__media\"><img loading=\"lazy\" decoding=\"async\" width=\"840\" height=\"814\" src=\"https:\/\/librerialabrujita.com.py\/wp-content\/uploads\/2025\/07\/atencion.png\" alt=\"\" class=\"wp-image-423 size-full\" srcset=\"https:\/\/librerialabrujita.com.py\/wp-content\/uploads\/2025\/07\/atencion.png 840w, https:\/\/librerialabrujita.com.py\/wp-content\/uploads\/2025\/07\/atencion-300x291.png 300w, https:\/\/librerialabrujita.com.py\/wp-content\/uploads\/2025\/07\/atencion-768x744.png 768w\" sizes=\"(max-width: 840px) 100vw, 840px\" \/><\/figure><div class=\"wp-block-media-text__content\">\n<p class=\"has-large-font-size\"><strong>Atenci\u00f3n<\/strong>:<\/p>\n\n\n\n<p class=\"has-big-font-size\"> Lunes a Viernes de 6:30 a 18:00<\/p>\n<\/div><\/div>\n<\/div>\n\n\n\n<div class=\"wp-block-column is-layout-flow wp-block-column-is-layout-flow\">\n<div class=\"wp-block-group has-light-background-color has-background is-layout-constrained wp-container-core-group-is-layout-1b66cfbd wp-block-group-is-layout-constrained\" style=\"margin-top:0;margin-bottom:0;padding-top:40px;padding-right:var(--wp--preset--spacing--40);padding-bottom:40px;padding-left:var(--wp--preset--spacing--40)\">\n<div class=\"wp-block-group is-content-justification-space-between is-layout-flex wp-container-core-group-is-layout-7d0b4ed0 wp-block-group-is-layout-flex\" style=\"border-bottom-color:var(--wp--preset--color--primary);border-bottom-width:1px;margin-top:0;margin-bottom:0px;padding-bottom:22px\">\n<h2 class=\"wp-block-heading has-text-align-center has-heading-color has-text-color has-link-color has-large-plus-font-size wp-elements-e62eb658c834e41f193c92a29f7e4a14\" style=\"border-bottom-style:none;border-bottom-width:0px;margin-bottom:0;font-style:normal;font-weight:600\">Encu\u00e9ntranos en<\/h2>\n\n\n\n<div class=\"wp-block-buttons has-border-color has-transparent-background-color has-background is-layout-flex wp-block-buttons-is-layout-flex\" style=\"border-color:#4C4C4C;border-width:1px;border-radius:100px\"><\/div>\n<\/div>\n\n\n\n<div class=\"wp-block-group is-layout-constrained wp-container-core-group-is-layout-cf0b59f2 wp-block-group-is-layout-constrained\" style=\"margin-top:45px\">\n<div class=\"wp-block-query is-layout-flow wp-block-query-is-layout-flow\"><ul class=\"columns-1 wp-block-post-template is-layout-grid wp-container-core-post-template-is-layout-8d8ed209 wp-block-post-template-is-layout-grid\"><li class=\"wp-block-post post-640 post type-post status-publish format-standard has-post-thumbnail hentry category-eventos-deportivos\">\n\n<iframe src=\"https:\/\/www.google.com\/maps\/embed?pb=!1m18!1m12!1m3!1d225.29029302001206!2d-57.470671057551314!3d-25.383222058607917!2m3!1f0!2f0!3f0!3m2!1i1024!2i768!4f13.1!3m3!1m2!1s0x945dad5a92d79341%3A0x544566151510ff7c!2sLibrer%C3%ADa%20La%20Brujita!5e0!3m2!1ses!2spy!4v1753710469965!5m2!1ses!2spy\" width=\"500\" height=\"450\" style=\"border:0;\" allowfullscreen=\"\" loading=\"lazy\" referrerpolicy=\"no-referrer-when-downgrade\"><\/iframe>\n\n<\/li><\/ul><\/div>\n<\/div>\n<\/div>\n<\/div>\n<\/div>\n\n<\/li><\/ul><\/div>\n<\/div>\n<\/div>\n","protected":false},"excerpt":{"rendered":"","protected":false},"author":1,"featured_media":0,"parent":0,"menu_order":0,"comment_status":"closed","ping_status":"closed","template":"","meta":{"footnotes":""},"class_list":["post-403","page","type-page","status-publish","hentry"],"yoast_head":"<!-- This site is optimized with the Yoast SEO plugin v25.9 - https:\/\/yoast.com\/wordpress\/plugins\/seo\/ -->\n<title>Qui\u00e9nes Somos - Librer\u00eda La Brujita<\/title>\n<meta name=\"robots\" content=\"index, follow, max-snippet:-1, max-image-preview:large, max-video-preview:-1\" \/>\n<link rel=\"canonical\" href=\"https:\/\/librerialabrujita.com.py\/index.php\/quienes-somos\/\" \/>\n<meta property=\"og:locale\" content=\"es_ES\" \/>\n<meta property=\"og:type\" content=\"article\" \/>\n<meta property=\"og:title\" content=\"Qui\u00e9nes Somos - Librer\u00eda La Brujita\" \/>\n<meta property=\"og:url\" content=\"https:\/\/librerialabrujita.com.py\/index.php\/quienes-somos\/\" \/>\n<meta property=\"og:site_name\" content=\"Librer\u00eda La Brujita\" \/>\n<meta property=\"article:modified_time\" content=\"2025-07-28T17:35:41+00:00\" \/>\n<meta property=\"og:image\" content=\"https:\/\/librerialabrujita.com.py\/wp-content\/uploads\/2025\/07\/intsa2.png\" \/>\n<meta name=\"twitter:card\" content=\"summary_large_image\" \/>\n<meta name=\"twitter:label1\" content=\"Tiempo de lectura\" \/>\n\t<meta name=\"twitter:data1\" content=\"1 minuto\" \/>\n<script type=\"application\/ld+json\" class=\"yoast-schema-graph\">{\"@context\":\"https:\/\/schema.org\",\"@graph\":[{\"@type\":\"WebPage\",\"@id\":\"https:\/\/librerialabrujita.com.py\/index.php\/quienes-somos\/\",\"url\":\"https:\/\/librerialabrujita.com.py\/index.php\/quienes-somos\/\",\"name\":\"Qui\u00e9nes Somos - Librer\u00eda La Brujita\",\"isPartOf\":{\"@id\":\"https:\/\/librerialabrujita.com.py\/#website\"},\"primaryImageOfPage\":{\"@id\":\"https:\/\/librerialabrujita.com.py\/index.php\/quienes-somos\/#primaryimage\"},\"image\":{\"@id\":\"https:\/\/librerialabrujita.com.py\/index.php\/quienes-somos\/#primaryimage\"},\"thumbnailUrl\":\"https:\/\/librerialabrujita.com.py\/wp-content\/uploads\/2025\/07\/intsa2.png\",\"datePublished\":\"2025-07-28T13:48:19+00:00\",\"dateModified\":\"2025-07-28T17:35:41+00:00\",\"breadcrumb\":{\"@id\":\"https:\/\/librerialabrujita.com.py\/index.php\/quienes-somos\/#breadcrumb\"},\"inLanguage\":\"es\",\"potentialAction\":[{\"@type\":\"ReadAction\",\"target\":[\"https:\/\/librerialabrujita.com.py\/index.php\/quienes-somos\/\"]}]},{\"@type\":\"ImageObject\",\"inLanguage\":\"es\",\"@id\":\"https:\/\/librerialabrujita.com.py\/index.php\/quienes-somos\/#primaryimage\",\"url\":\"https:\/\/librerialabrujita.com.py\/wp-content\/uploads\/2025\/07\/intsa2.png\",\"contentUrl\":\"https:\/\/librerialabrujita.com.py\/wp-content\/uploads\/2025\/07\/intsa2.png\",\"width\":500,\"height\":500},{\"@type\":\"BreadcrumbList\",\"@id\":\"https:\/\/librerialabrujita.com.py\/index.php\/quienes-somos\/#breadcrumb\",\"itemListElement\":[{\"@type\":\"ListItem\",\"position\":1,\"name\":\"Portada\",\"item\":\"https:\/\/librerialabrujita.com.py\/\"},{\"@type\":\"ListItem\",\"position\":2,\"name\":\"Qui\u00e9nes Somos\"}]},{\"@type\":\"WebSite\",\"@id\":\"https:\/\/librerialabrujita.com.py\/#website\",\"url\":\"https:\/\/librerialabrujita.com.py\/\",\"name\":\"Librer\u00eda La Brujita\",\"description\":\"\",\"publisher\":{\"@id\":\"https:\/\/librerialabrujita.com.py\/#organization\"},\"potentialAction\":[{\"@type\":\"SearchAction\",\"target\":{\"@type\":\"EntryPoint\",\"urlTemplate\":\"https:\/\/librerialabrujita.com.py\/?s={search_term_string}\"},\"query-input\":{\"@type\":\"PropertyValueSpecification\",\"valueRequired\":true,\"valueName\":\"search_term_string\"}}],\"inLanguage\":\"es\"},{\"@type\":\"Organization\",\"@id\":\"https:\/\/librerialabrujita.com.py\/#organization\",\"name\":\"Librer\u00eda La Brujita\",\"url\":\"https:\/\/librerialabrujita.com.py\/\",\"logo\":{\"@type\":\"ImageObject\",\"inLanguage\":\"es\",\"@id\":\"https:\/\/librerialabrujita.com.py\/#\/schema\/logo\/image\/\",\"url\":\"https:\/\/librerialabrujita.com.py\/wp-content\/uploads\/2025\/07\/logo_bruja.png\",\"contentUrl\":\"https:\/\/librerialabrujita.com.py\/wp-content\/uploads\/2025\/07\/logo_bruja.png\",\"width\":1366,\"height\":768,\"caption\":\"Librer\u00eda La Brujita\"},\"image\":{\"@id\":\"https:\/\/librerialabrujita.com.py\/#\/schema\/logo\/image\/\"},\"sameAs\":[\"https:\/\/www.instagram.com\/labrujita0415\/\"]}]}<\/script>\n<!-- \/ Yoast SEO plugin. -->","yoast_head_json":{"title":"Qui\u00e9nes Somos - Librer\u00eda La Brujita","robots":{"index":"index","follow":"follow","max-snippet":"max-snippet:-1","max-image-preview":"max-image-preview:large","max-video-preview":"max-video-preview:-1"},"canonical":"https:\/\/librerialabrujita.com.py\/index.php\/quienes-somos\/","og_locale":"es_ES","og_type":"article","og_title":"Qui\u00e9nes Somos - Librer\u00eda La Brujita","og_url":"https:\/\/librerialabrujita.com.py\/index.php\/quienes-somos\/","og_site_name":"Librer\u00eda La Brujita","article_modified_time":"2025-07-28T17:35:41+00:00","og_image":[{"url":"https:\/\/librerialabrujita.com.py\/wp-content\/uploads\/2025\/07\/intsa2.png","type":"","width":"","height":""}],"twitter_card":"summary_large_image","twitter_misc":{"Tiempo de lectura":"1 minuto"},"schema":{"@context":"https:\/\/schema.org","@graph":[{"@type":"WebPage","@id":"https:\/\/librerialabrujita.com.py\/index.php\/quienes-somos\/","url":"https:\/\/librerialabrujita.com.py\/index.php\/quienes-somos\/","name":"Qui\u00e9nes Somos - Librer\u00eda La Brujita","isPartOf":{"@id":"https:\/\/librerialabrujita.com.py\/#website"},"primaryImageOfPage":{"@id":"https:\/\/librerialabrujita.com.py\/index.php\/quienes-somos\/#primaryimage"},"image":{"@id":"https:\/\/librerialabrujita.com.py\/index.php\/quienes-somos\/#primaryimage"},"thumbnailUrl":"https:\/\/librerialabrujita.com.py\/wp-content\/uploads\/2025\/07\/intsa2.png","datePublished":"2025-07-28T13:48:19+00:00","dateModified":"2025-07-28T17:35:41+00:00","breadcrumb":{"@id":"https:\/\/librerialabrujita.com.py\/index.php\/quienes-somos\/#breadcrumb"},"inLanguage":"es","potentialAction":[{"@type":"ReadAction","target":["https:\/\/librerialabrujita.com.py\/index.php\/quienes-somos\/"]}]},{"@type":"ImageObject","inLanguage":"es","@id":"https:\/\/librerialabrujita.com.py\/index.php\/quienes-somos\/#primaryimage","url":"https:\/\/librerialabrujita.com.py\/wp-content\/uploads\/2025\/07\/intsa2.png","contentUrl":"https:\/\/librerialabrujita.com.py\/wp-content\/uploads\/2025\/07\/intsa2.png","width":500,"height":500},{"@type":"BreadcrumbList","@id":"https:\/\/librerialabrujita.com.py\/index.php\/quienes-somos\/#breadcrumb","itemListElement":[{"@type":"ListItem","position":1,"name":"Portada","item":"https:\/\/librerialabrujita.com.py\/"},{"@type":"ListItem","position":2,"name":"Qui\u00e9nes Somos"}]},{"@type":"WebSite","@id":"https:\/\/librerialabrujita.com.py\/#website","url":"https:\/\/librerialabrujita.com.py\/","name":"Librer\u00eda La Brujita","description":"","publisher":{"@id":"https:\/\/librerialabrujita.com.py\/#organization"},"potentialAction":[{"@type":"SearchAction","target":{"@type":"EntryPoint","urlTemplate":"https:\/\/librerialabrujita.com.py\/?s={search_term_string}"},"query-input":{"@type":"PropertyValueSpecification","valueRequired":true,"valueName":"search_term_string"}}],"inLanguage":"es"},{"@type":"Organization","@id":"https:\/\/librerialabrujita.com.py\/#organization","name":"Librer\u00eda La Brujita","url":"https:\/\/librerialabrujita.com.py\/","logo":{"@type":"ImageObject","inLanguage":"es","@id":"https:\/\/librerialabrujita.com.py\/#\/schema\/logo\/image\/","url":"https:\/\/librerialabrujita.com.py\/wp-content\/uploads\/2025\/07\/logo_bruja.png","contentUrl":"https:\/\/librerialabrujita.com.py\/wp-content\/uploads\/2025\/07\/logo_bruja.png","width":1366,"height":768,"caption":"Librer\u00eda La Brujita"},"image":{"@id":"https:\/\/librerialabrujita.com.py\/#\/schema\/logo\/image\/"},"sameAs":["https:\/\/www.instagram.com\/labrujita0415\/"]}]}},"_links":{"self":[{"href":"https:\/\/librerialabrujita.com.py\/index.php\/wp-json\/wp\/v2\/pages\/403","targetHints":{"allow":["GET"]}}],"collection":[{"href":"https:\/\/librerialabrujita.com.py\/index.php\/wp-json\/wp\/v2\/pages"}],"about":[{"href":"https:\/\/librerialabrujita.com.py\/index.php\/wp-json\/wp\/v2\/types\/page"}],"author":[{"embeddable":true,"href":"https:\/\/librerialabrujita.com.py\/index.php\/wp-json\/wp\/v2\/users\/1"}],"replies":[{"embeddable":true,"href":"https:\/\/librerialabrujita.com.py\/index.php\/wp-json\/wp\/v2\/comments?post=403"}],"version-history":[{"count":12,"href":"https:\/\/librerialabrujita.com.py\/index.php\/wp-json\/wp\/v2\/pages\/403\/revisions"}],"predecessor-version":[{"id":424,"href":"https:\/\/librerialabrujita.com.py\/index.php\/wp-json\/wp\/v2\/pages\/403\/revisions\/424"}],"wp:attachment":[{"href":"https:\/\/librerialabrujita.com.py\/index.php\/wp-json\/wp\/v2\/media?parent=403"}],"curies":[{"name":"wp","href":"https:\/\/api.w.org\/{rel}","templated":true}]}}