{"id":436,"date":"2025-07-28T19:02:31","date_gmt":"2025-07-28T19:02:31","guid":{"rendered":"https:\/\/librerialabrujita.com.py\/?page_id=436"},"modified":"2025-08-12T17:49:10","modified_gmt":"2025-08-12T17:49:10","slug":"blogs-noticias","status":"publish","type":"page","link":"https:\/\/librerialabrujita.com.py\/index.php\/blogs-noticias\/","title":{"rendered":"Blogs Noticias"},"content":{"rendered":"\n<div class=\"wp-block-group has-light-background-color has-background is-layout-constrained wp-container-core-group-is-layout-1b66cfbd wp-block-group-is-layout-constrained\" style=\"margin-top:0;margin-bottom:0;padding-top:40px;padding-right:var(--wp--preset--spacing--40);padding-bottom:40px;padding-left:var(--wp--preset--spacing--40)\">\n<div class=\"wp-block-group is-layout-constrained wp-container-core-group-is-layout-cf0b59f2 wp-block-group-is-layout-constrained\" style=\"margin-top:45px\">\n<div class=\"wp-block-query is-layout-flow wp-block-query-is-layout-flow\"><ul class=\"columns-1 wp-block-post-template is-layout-grid wp-container-core-post-template-is-layout-8d8ed209 wp-block-post-template-is-layout-grid\"><li class=\"wp-block-post post-640 post type-post status-publish format-standard has-post-thumbnail hentry category-eventos-deportivos\">\n\n<div class=\"wp-block-columns is-style-grocefycart-boxshadow-light has-background-background-color has-background is-layout-flex wp-container-core-columns-is-layout-5c9305b9 wp-block-columns-is-layout-flex\" style=\"margin-top:0;margin-bottom:0;padding-top:20px;padding-right:20px;padding-bottom:20px;padding-left:20px\">\n<div class=\"wp-block-column is-vertically-aligned-center is-layout-flow wp-block-column-is-layout-flow\" style=\"flex-basis:40%\"><figure style=\"width:100%;height:280px;\" class=\"aligncenter is-style-grocefycart-hover-zoom-in wp-block-post-featured-image\"><a href=\"https:\/\/librerialabrujita.com.py\/index.php\/2025\/08\/08\/convocatoria-handball\/\" target=\"_self\"  style=\"height:280px\"><img fetchpriority=\"high\" decoding=\"async\" width=\"1200\" height=\"1200\" src=\"https:\/\/librerialabrujita.com.py\/wp-content\/uploads\/2025\/08\/plantilla_2.jpg\" class=\"attachment-post-thumbnail size-post-thumbnail wp-post-image\" alt=\"Convocatoria Handball\" style=\"height:280px;object-fit:cover;\" srcset=\"https:\/\/librerialabrujita.com.py\/wp-content\/uploads\/2025\/08\/plantilla_2.jpg 1200w, https:\/\/librerialabrujita.com.py\/wp-content\/uploads\/2025\/08\/plantilla_2-300x300.jpg 300w, https:\/\/librerialabrujita.com.py\/wp-content\/uploads\/2025\/08\/plantilla_2-1024x1024.jpg 1024w, https:\/\/librerialabrujita.com.py\/wp-content\/uploads\/2025\/08\/plantilla_2-150x150.jpg 150w, https:\/\/librerialabrujita.com.py\/wp-content\/uploads\/2025\/08\/plantilla_2-768x768.jpg 768w\" sizes=\"(max-width: 1200px) 100vw, 1200px\" \/><\/a><\/figure><\/div>\n\n\n\n<div class=\"wp-block-column is-vertically-aligned-center is-layout-flow wp-block-column-is-layout-flow\">\n<div class=\"wp-block-group is-content-justification-left is-layout-constrained wp-container-core-group-is-layout-6bc11267 wp-block-group-is-layout-constrained\"><div class=\"taxonomy-category has-link-color is-style-categories-background-faded-round is-style-categories-faded-background wp-elements-f8d3b105bf3e341abc00d899de00bae2 wp-block-post-terms has-text-color has-primary-color has-x-small-font-size\"><a href=\"https:\/\/librerialabrujita.com.py\/index.php\/category\/eventos-deportivos\/\" rel=\"tag\">Eventos Deportivos<\/a><\/div>\n\n<h4 style=\"font-style:normal;font-weight:600;\" class=\"has-link-color is-style-title-hover-primary wp-elements-2403c14f7a16a6385d7d32288f394f39 wp-block-post-title has-text-color has-heading-color has-big-font-size\"><a href=\"https:\/\/librerialabrujita.com.py\/index.php\/2025\/08\/08\/convocatoria-handball\/\" target=\"_self\" >Convocatoria Handball<\/a><\/h4>\n\n<div class=\"has-link-color wp-elements-2c984bf88e27e3666528ce358fb40846 wp-block-post-excerpt has-text-color has-meta-color-color has-small-plus-font-size\"><p class=\"wp-block-post-excerpt__excerpt\">La Librer\u00eda La Brujita apoya el desarrollo Deportivo de los Alumnos, por eso hace extensa la invitaci\u00f3n de la Convocatoria a integrar el selecto grupo de entrenamiento para los pr\u00f3ximos&hellip; <\/p><\/div>\n\n\n<div class=\"wp-block-group has-meta-color-color has-text-color has-link-color has-small-plus-font-size wp-elements-3aaaf623740c5830a3616236705ca5aa is-content-justification-space-between is-layout-flex wp-container-core-group-is-layout-805e1e9b wp-block-group-is-layout-flex\" style=\"margin-top:15px;text-transform:capitalize\"><div class=\"has-link-color is-style-grocefycart-date-icon-light wp-elements-54349ce59645649458aa3ecb3a9211f0 wp-block-post-date has-text-color has-meta-color-color\"><time datetime=\"2025-08-08T17:01:33+00:00\">agosto 8, 2025<\/time><\/div>\n\n<div class=\"is-style-grocefycart-author-icon-light wp-block-post-author-name\">admin<\/div><\/div>\n<\/div>\n<\/div>\n<\/div>\n\n<\/li><\/ul><\/div>\n<\/div>\n<\/div>\n","protected":false},"excerpt":{"rendered":"","protected":false},"author":1,"featured_media":0,"parent":0,"menu_order":0,"comment_status":"closed","ping_status":"closed","template":"","meta":{"footnotes":""},"class_list":["post-436","page","type-page","status-publish","hentry"],"yoast_head":"<!-- This site is optimized with the Yoast SEO plugin v25.9 - https:\/\/yoast.com\/wordpress\/plugins\/seo\/ -->\n<title>Blogs Noticias - Librer\u00eda La Brujita<\/title>\n<meta name=\"robots\" content=\"index, follow, max-snippet:-1, max-image-preview:large, max-video-preview:-1\" \/>\n<link rel=\"canonical\" href=\"https:\/\/librerialabrujita.com.py\/index.php\/blogs-noticias\/\" \/>\n<meta property=\"og:locale\" content=\"es_ES\" \/>\n<meta property=\"og:type\" content=\"article\" \/>\n<meta property=\"og:title\" content=\"Blogs Noticias - Librer\u00eda La Brujita\" \/>\n<meta property=\"og:url\" content=\"https:\/\/librerialabrujita.com.py\/index.php\/blogs-noticias\/\" \/>\n<meta property=\"og:site_name\" content=\"Librer\u00eda La Brujita\" \/>\n<meta property=\"article:modified_time\" content=\"2025-08-12T17:49:10+00:00\" \/>\n<meta name=\"twitter:card\" content=\"summary_large_image\" \/>\n<script type=\"application\/ld+json\" class=\"yoast-schema-graph\">{\"@context\":\"https:\/\/schema.org\",\"@graph\":[{\"@type\":\"WebPage\",\"@id\":\"https:\/\/librerialabrujita.com.py\/index.php\/blogs-noticias\/\",\"url\":\"https:\/\/librerialabrujita.com.py\/index.php\/blogs-noticias\/\",\"name\":\"Blogs Noticias - Librer\u00eda La Brujita\",\"isPartOf\":{\"@id\":\"https:\/\/librerialabrujita.com.py\/#website\"},\"datePublished\":\"2025-07-28T19:02:31+00:00\",\"dateModified\":\"2025-08-12T17:49:10+00:00\",\"breadcrumb\":{\"@id\":\"https:\/\/librerialabrujita.com.py\/index.php\/blogs-noticias\/#breadcrumb\"},\"inLanguage\":\"es\",\"potentialAction\":[{\"@type\":\"ReadAction\",\"target\":[\"https:\/\/librerialabrujita.com.py\/index.php\/blogs-noticias\/\"]}]},{\"@type\":\"BreadcrumbList\",\"@id\":\"https:\/\/librerialabrujita.com.py\/index.php\/blogs-noticias\/#breadcrumb\",\"itemListElement\":[{\"@type\":\"ListItem\",\"position\":1,\"name\":\"Portada\",\"item\":\"https:\/\/librerialabrujita.com.py\/\"},{\"@type\":\"ListItem\",\"position\":2,\"name\":\"Blogs Noticias\"}]},{\"@type\":\"WebSite\",\"@id\":\"https:\/\/librerialabrujita.com.py\/#website\",\"url\":\"https:\/\/librerialabrujita.com.py\/\",\"name\":\"Librer\u00eda La Brujita\",\"description\":\"\",\"publisher\":{\"@id\":\"https:\/\/librerialabrujita.com.py\/#organization\"},\"potentialAction\":[{\"@type\":\"SearchAction\",\"target\":{\"@type\":\"EntryPoint\",\"urlTemplate\":\"https:\/\/librerialabrujita.com.py\/?s={search_term_string}\"},\"query-input\":{\"@type\":\"PropertyValueSpecification\",\"valueRequired\":true,\"valueName\":\"search_term_string\"}}],\"inLanguage\":\"es\"},{\"@type\":\"Organization\",\"@id\":\"https:\/\/librerialabrujita.com.py\/#organization\",\"name\":\"Librer\u00eda La Brujita\",\"url\":\"https:\/\/librerialabrujita.com.py\/\",\"logo\":{\"@type\":\"ImageObject\",\"inLanguage\":\"es\",\"@id\":\"https:\/\/librerialabrujita.com.py\/#\/schema\/logo\/image\/\",\"url\":\"https:\/\/librerialabrujita.com.py\/wp-content\/uploads\/2025\/07\/logo_bruja.png\",\"contentUrl\":\"https:\/\/librerialabrujita.com.py\/wp-content\/uploads\/2025\/07\/logo_bruja.png\",\"width\":1366,\"height\":768,\"caption\":\"Librer\u00eda La Brujita\"},\"image\":{\"@id\":\"https:\/\/librerialabrujita.com.py\/#\/schema\/logo\/image\/\"},\"sameAs\":[\"https:\/\/www.instagram.com\/labrujita0415\/\"]}]}<\/script>\n<!-- \/ Yoast SEO plugin. -->","yoast_head_json":{"title":"Blogs Noticias - Librer\u00eda La Brujita","robots":{"index":"index","follow":"follow","max-snippet":"max-snippet:-1","max-image-preview":"max-image-preview:large","max-video-preview":"max-video-preview:-1"},"canonical":"https:\/\/librerialabrujita.com.py\/index.php\/blogs-noticias\/","og_locale":"es_ES","og_type":"article","og_title":"Blogs Noticias - Librer\u00eda La Brujita","og_url":"https:\/\/librerialabrujita.com.py\/index.php\/blogs-noticias\/","og_site_name":"Librer\u00eda La Brujita","article_modified_time":"2025-08-12T17:49:10+00:00","twitter_card":"summary_large_image","schema":{"@context":"https:\/\/schema.org","@graph":[{"@type":"WebPage","@id":"https:\/\/librerialabrujita.com.py\/index.php\/blogs-noticias\/","url":"https:\/\/librerialabrujita.com.py\/index.php\/blogs-noticias\/","name":"Blogs Noticias - Librer\u00eda La Brujita","isPartOf":{"@id":"https:\/\/librerialabrujita.com.py\/#website"},"datePublished":"2025-07-28T19:02:31+00:00","dateModified":"2025-08-12T17:49:10+00:00","breadcrumb":{"@id":"https:\/\/librerialabrujita.com.py\/index.php\/blogs-noticias\/#breadcrumb"},"inLanguage":"es","potentialAction":[{"@type":"ReadAction","target":["https:\/\/librerialabrujita.com.py\/index.php\/blogs-noticias\/"]}]},{"@type":"BreadcrumbList","@id":"https:\/\/librerialabrujita.com.py\/index.php\/blogs-noticias\/#breadcrumb","itemListElement":[{"@type":"ListItem","position":1,"name":"Portada","item":"https:\/\/librerialabrujita.com.py\/"},{"@type":"ListItem","position":2,"name":"Blogs Noticias"}]},{"@type":"WebSite","@id":"https:\/\/librerialabrujita.com.py\/#website","url":"https:\/\/librerialabrujita.com.py\/","name":"Librer\u00eda La Brujita","description":"","publisher":{"@id":"https:\/\/librerialabrujita.com.py\/#organization"},"potentialAction":[{"@type":"SearchAction","target":{"@type":"EntryPoint","urlTemplate":"https:\/\/librerialabrujita.com.py\/?s={search_term_string}"},"query-input":{"@type":"PropertyValueSpecification","valueRequired":true,"valueName":"search_term_string"}}],"inLanguage":"es"},{"@type":"Organization","@id":"https:\/\/librerialabrujita.com.py\/#organization","name":"Librer\u00eda La Brujita","url":"https:\/\/librerialabrujita.com.py\/","logo":{"@type":"ImageObject","inLanguage":"es","@id":"https:\/\/librerialabrujita.com.py\/#\/schema\/logo\/image\/","url":"https:\/\/librerialabrujita.com.py\/wp-content\/uploads\/2025\/07\/logo_bruja.png","contentUrl":"https:\/\/librerialabrujita.com.py\/wp-content\/uploads\/2025\/07\/logo_bruja.png","width":1366,"height":768,"caption":"Librer\u00eda La Brujita"},"image":{"@id":"https:\/\/librerialabrujita.com.py\/#\/schema\/logo\/image\/"},"sameAs":["https:\/\/www.instagram.com\/labrujita0415\/"]}]}},"_links":{"self":[{"href":"https:\/\/librerialabrujita.com.py\/index.php\/wp-json\/wp\/v2\/pages\/436","targetHints":{"allow":["GET"]}}],"collection":[{"href":"https:\/\/librerialabrujita.com.py\/index.php\/wp-json\/wp\/v2\/pages"}],"about":[{"href":"https:\/\/librerialabrujita.com.py\/index.php\/wp-json\/wp\/v2\/types\/page"}],"author":[{"embeddable":true,"href":"https:\/\/librerialabrujita.com.py\/index.php\/wp-json\/wp\/v2\/users\/1"}],"replies":[{"embeddable":true,"href":"https:\/\/librerialabrujita.com.py\/index.php\/wp-json\/wp\/v2\/comments?post=436"}],"version-history":[{"count":2,"href":"https:\/\/librerialabrujita.com.py\/index.php\/wp-json\/wp\/v2\/pages\/436\/revisions"}],"predecessor-version":[{"id":655,"href":"https:\/\/librerialabrujita.com.py\/index.php\/wp-json\/wp\/v2\/pages\/436\/revisions\/655"}],"wp:attachment":[{"href":"https:\/\/librerialabrujita.com.py\/index.php\/wp-json\/wp\/v2\/media?parent=436"}],"curies":[{"name":"wp","href":"https:\/\/api.w.org\/{rel}","templated":true}]}}